{"id":351,"date":"2016-05-05T08:08:33","date_gmt":"2016-05-05T08:08:33","guid":{"rendered":"http:\/\/wp.nootheme.com\/umbra\/dummy\/?page_id=351"},"modified":"2018-02-27T04:57:05","modified_gmt":"2018-02-27T07:57:05","slug":"home-page-3","status":"publish","type":"page","link":"https:\/\/vicenzomoveis.com.br\/","title":{"rendered":"Home page 3"},"content":{"rendered":"<p>[vc_row][vc_column][rev_slider_vc alias=&#8221;home_slider_1&#8243;][\/vc_column][\/vc_row][vc_row][vc_column offset=&#8221;vc_col-lg-6 vc_col-md-6&#8243; el_class=&#8221;padding-box-product&#8221; css=&#8221;.vc_custom_1465287695563{margin-top: 50px !important;}&#8221;][vc_column_text]<\/p>\n<div class=\"noo-product-header\">\n<h3>Precisando de M\u00f3veis<\/h3>\n<p>Aqui na Vicenzo M\u00f3veis voc\u00ea encontra do seu jeito!<\/p>\n<\/div>\n<p>[\/vc_column_text][vc_empty_space][vc_column_text]<\/p>\n<p align=\"justify\">Projetos desenvolvidos com design contempor\u00e2neo, e o compromisso com a qualidade em nossos servi\u00e7os e produtos garantem nossos clientes felizes.<\/p>\n<p>Utilizamos mat\u00e9ria prima de qualidade, entre as quais, laca fosca e brilhante, folhas de madeira, MDF revestido, al\u00e9m de outros materiais que ajudam a valorizar o design, fazendo de acordo com seu jeito.<\/p>\n<p><strong>Conte com a\u00a0Vicenzo M\u00f3veis para seu projeto!<\/strong>[\/vc_column_text][\/vc_column][vc_column css=&#8221;.vc_custom_1465287700690{margin-top: 50px !important;padding-right: 30px !important;padding-left: 65px !important;}&#8221; offset=&#8221;vc_col-lg-6 vc_col-md-6&#8243; el_class=&#8221;padding-30px&#8221;]            <div class=\"noo_short_image left\">\n                <div class=\"noo_short_image_first\">\n                    <img width=\"700\" height=\"450\" src=\"https:\/\/vicenzomoveis.com.br\/wp-content\/uploads\/2018\/02\/ban1.jpg\" class=\"attachment-full size-full\" alt=\"\" decoding=\"async\" loading=\"lazy\" srcset=\"https:\/\/vicenzomoveis.com.br\/wp-content\/uploads\/2018\/02\/ban1.jpg 700w, https:\/\/vicenzomoveis.com.br\/wp-content\/uploads\/2018\/02\/ban1-300x193.jpg 300w, https:\/\/vicenzomoveis.com.br\/wp-content\/uploads\/2018\/02\/ban1-600x386.jpg 600w\" sizes=\"(max-width: 700px) 100vw, 700px\" \/>                    <h3>Design<\/h3>\n                <\/div>\n                <div class=\"noo_short_image_last\">\n                    <img width=\"700\" height=\"450\" src=\"https:\/\/vicenzomoveis.com.br\/wp-content\/uploads\/2018\/02\/ban1.jpg\" class=\"attachment-full size-full\" alt=\"\" decoding=\"async\" loading=\"lazy\" srcset=\"https:\/\/vicenzomoveis.com.br\/wp-content\/uploads\/2018\/02\/ban1.jpg 700w, https:\/\/vicenzomoveis.com.br\/wp-content\/uploads\/2018\/02\/ban1-300x193.jpg 300w, https:\/\/vicenzomoveis.com.br\/wp-content\/uploads\/2018\/02\/ban1-600x386.jpg 600w\" sizes=\"(max-width: 700px) 100vw, 700px\" \/>                <\/div>\n            <\/div>\n        [\/vc_column][\/vc_row][vc_row css=&#8221;.vc_custom_1465525772508{padding-top: 75px !important;padding-bottom: 75px !important;background-color: #dbdbdb !important;}&#8221;][vc_column][vc_column_text]<\/p>\n<div class=\"noo-product-header\">\n<h3 style=\"text-align: center;\">Conhe\u00e7a Nossos Servi\u00e7os<\/h3>\n<p style=\"text-align: center;\">\n<\/div>\n<p>[\/vc_column_text][vc_empty_space][vc_masonry_media_grid element_width=&#8221;3&#8243; item=&#8221;mediaGrid_BorderedScaleWithTitle&#8221; grid_id=&#8221;vc_gid:1519718207867-c5642602-38eb-6&#8243; include=&#8221;1284,1285,1286,1287,1288,1289,1290,1292&#8243;][\/vc_column][\/vc_row][vc_row css=&#8221;.vc_custom_1465287771921{padding-top: 120px !important;padding-bottom: 50px !important;}&#8221;][vc_column css=&#8221;.vc_custom_1465287776879{padding-top: 50px !important;padding-right: 65px !important;padding-left: 30px !important;}&#8221; el_class=&#8221;padding-30px&#8221; offset=&#8221;vc_col-lg-6 vc_col-md-6&#8243;]            <div class=\"noo_short_image right\">\n                <div class=\"noo_short_image_first\">\n                    <img width=\"1032\" height=\"581\" src=\"https:\/\/vicenzomoveis.com.br\/wp-content\/uploads\/2018\/02\/Esc2.jpeg\" class=\"attachment-full size-full\" alt=\"\" decoding=\"async\" loading=\"lazy\" srcset=\"https:\/\/vicenzomoveis.com.br\/wp-content\/uploads\/2018\/02\/Esc2.jpeg 1032w, https:\/\/vicenzomoveis.com.br\/wp-content\/uploads\/2018\/02\/Esc2-300x169.jpeg 300w, https:\/\/vicenzomoveis.com.br\/wp-content\/uploads\/2018\/02\/Esc2-768x432.jpeg 768w, https:\/\/vicenzomoveis.com.br\/wp-content\/uploads\/2018\/02\/Esc2-1024x576.jpeg 1024w, https:\/\/vicenzomoveis.com.br\/wp-content\/uploads\/2018\/02\/Esc2-600x338.jpeg 600w\" sizes=\"(max-width: 1032px) 100vw, 1032px\" \/>                    <h3>indoor chair<\/h3>\n                <\/div>\n                <div class=\"noo_short_image_last\">\n                    <img width=\"1032\" height=\"581\" src=\"https:\/\/vicenzomoveis.com.br\/wp-content\/uploads\/2018\/02\/Esc2.jpeg\" class=\"attachment-full size-full\" alt=\"\" decoding=\"async\" loading=\"lazy\" srcset=\"https:\/\/vicenzomoveis.com.br\/wp-content\/uploads\/2018\/02\/Esc2.jpeg 1032w, https:\/\/vicenzomoveis.com.br\/wp-content\/uploads\/2018\/02\/Esc2-300x169.jpeg 300w, https:\/\/vicenzomoveis.com.br\/wp-content\/uploads\/2018\/02\/Esc2-768x432.jpeg 768w, https:\/\/vicenzomoveis.com.br\/wp-content\/uploads\/2018\/02\/Esc2-1024x576.jpeg 1024w, https:\/\/vicenzomoveis.com.br\/wp-content\/uploads\/2018\/02\/Esc2-600x338.jpeg 600w\" sizes=\"(max-width: 1032px) 100vw, 1032px\" \/>                <\/div>\n            <\/div>\n        [\/vc_column][vc_column el_class=&#8221;padding-box-product2&#8243; offset=&#8221;vc_col-lg-6 vc_col-md-6&#8243; css=&#8221;.vc_custom_1465287781398{padding-top: 50px !important;}&#8221;][vc_column_text]<\/p>\n<div class=\"noo-product-header\">\n<h3>M\u00f3veis para escrit\u00f3rio?<\/h3>\n<p>D\u00ea um toque de eleg\u00e2ncia e sofistica\u00e7\u00e3o no seu escrit\u00f3rio!<\/p>\n<\/div>\n<p>[\/vc_column_text][vc_empty_space][vc_column_text]Pe\u00e7a seu\u00a0<strong>or\u00e7amento de m\u00f3veis sob medida<\/strong>, se voc\u00ea procura m\u00f3veis sob medida na Vicenzo M\u00f3veis voc\u00ea encontra tudo o que precisa.<\/p>\n<p>Conte com nossa\u00a0<strong>consultoria<\/strong>, se voc\u00ea j\u00e1 tem o im\u00f3vel mas ainda n\u00e3o tem um projeto para os m\u00f3veis, n\u00f3s desenvolvemos do seu jeito.<\/p>\n<p>Se o seu sonho ainda precisa ser constru\u00eddo, comece agora e conte conosco.<\/p>\n<p>Uma solu\u00e7\u00e3o completa, um atendimento diferenciado, experimente e descubra nossos benef\u00edcios.\u00a0<strong>N\u00f3s fazemos diferente<\/strong>.[\/vc_column_text][vc_empty_space][vc_btn title=&#8221;Or\u00e7amento&#8221; style=&#8221;flat&#8221; color=&#8221;inverse&#8221; align=&#8221;center&#8221; link=&#8221;url:%23|||&#8221;][\/vc_column][\/vc_row][vc_row css=&#8221;.vc_custom_1465350941974{padding-top: 100px !important;padding-right: 0px !important;padding-bottom: 100px !important;padding-left: 0px !important;}&#8221; el_class=&#8221;responsive_padding15&#8243;][vc_column]            <div class=\"noo_sh_blog_wraper\">\n                <div class=\"noo-shblog-header\">\n                    <h3><span>Novidades<\/span><\/h3>\n                    <p>Fique por dentro de nossas novidades!<\/p>\n                <\/div>\n                <div class=\"noo-shblog-content noo-row\">\n                                                                            <div class=\"noo-shblog-item style_4 \">\n                                        <a class=\"noo-shblog-thumbnail\" href=\"https:\/\/vicenzomoveis.com.br\/index.php\/2018\/02\/26\/moveis-sob-medida-para-cozinha-confira-as-novidades\/\" style=\"background-image: url('https:\/\/vicenzomoveis.com.br\/wp-content\/uploads\/2018\/02\/COZINHA-1.jpg')\"><span class=\"view-link\"><\/span><\/a>\n                                        <div class=\"noo-shblog-entry\">\n                                            <span class=\"cat\"><a href=\"https:\/\/vicenzomoveis.com.br\/index.php\/category\/novidades\/\" rel=\"category tag\">Novidades<\/a><\/span>\n                                            <span class=\"date\">\n                                                <span>26<\/span>\n                                                \/ fev                                            <\/span>\n                                            <h3><a href=\"https:\/\/vicenzomoveis.com.br\/index.php\/2018\/02\/26\/moveis-sob-medida-para-cozinha-confira-as-novidades\/\">M\u00f3veis sob medida para cozinha: confira as novidades<\/a><\/h3>\n                                            <div class=\"noo-shblog-meta\">\n                                                <span class=\"posted-on\"><i class=\"icon_clock_alt\"><\/i><a href=\"https:\/\/vicenzomoveis.com.br\/index.php\/2018\/02\/26\/moveis-sob-medida-para-cozinha-confira-as-novidades\/\" rel=\"bookmark\">26 de fevereiro de 2018<\/a><\/span><span class=\"author vcard\"><i class=\"icon_pencil-edit\"><\/i><a class=\"url fn n\" href=\"https:\/\/vicenzomoveis.com.br\/index.php\/author\/rodrigo\/\">rodrigo<\/a><\/span>                                            <\/div>\n                                            <p>Com a proposta de otimizar ambientes \u2013 especialmente os pequenos \u2013 proporcionando tudo o que for necess\u00e1rio para o bem...<\/p>\n                                            <a class=\"view_link\" href=\"https:\/\/vicenzomoveis.com.br\/index.php\/2018\/02\/26\/moveis-sob-medida-para-cozinha-confira-as-novidades\/\">read more<i class=\"fa fa-angle-right\"><\/i><\/a>\n                                        <\/div>\n\n                                    <\/div>\n                                                                    <div class=\"noo-shblog-item style_4 \">\n                                        <a class=\"noo-shblog-thumbnail\" href=\"https:\/\/vicenzomoveis.com.br\/index.php\/2018\/02\/25\/entenda-os-beneficios-dos-moveis-sob-medida\/\" style=\"background-image: url('https:\/\/vicenzomoveis.com.br\/wp-content\/uploads\/2016\/05\/IMG-20180121-WA0011.jpg')\"><span class=\"view-link\"><\/span><\/a>\n                                        <div class=\"noo-shblog-entry\">\n                                            <span class=\"cat\"><a href=\"https:\/\/vicenzomoveis.com.br\/index.php\/category\/novidades\/\" rel=\"category tag\">Novidades<\/a><\/span>\n                                            <span class=\"date\">\n                                                <span>25<\/span>\n                                                \/ fev                                            <\/span>\n                                            <h3><a href=\"https:\/\/vicenzomoveis.com.br\/index.php\/2018\/02\/25\/entenda-os-beneficios-dos-moveis-sob-medida\/\">Entenda os benef\u00edcios dos moveis sob medida<\/a><\/h3>\n                                            <div class=\"noo-shblog-meta\">\n                                                <span class=\"posted-on\"><i class=\"icon_clock_alt\"><\/i><a href=\"https:\/\/vicenzomoveis.com.br\/index.php\/2018\/02\/25\/entenda-os-beneficios-dos-moveis-sob-medida\/\" rel=\"bookmark\">25 de fevereiro de 2018<\/a><\/span><span class=\"author vcard\"><i class=\"icon_pencil-edit\"><\/i><a class=\"url fn n\" href=\"https:\/\/vicenzomoveis.com.br\/index.php\/author\/rodrigo\/\">rodrigo<\/a><\/span>                                            <\/div>\n                                            <p>Os m\u00f3veis sob medida s\u00e3o uma \u00f3tima op\u00e7\u00e3o para quem busca otimizar espa\u00e7os, deixar o ambiente mais harm\u00f4nico e aconchegante....<\/p>\n                                            <a class=\"view_link\" href=\"https:\/\/vicenzomoveis.com.br\/index.php\/2018\/02\/25\/entenda-os-beneficios-dos-moveis-sob-medida\/\">read more<i class=\"fa fa-angle-right\"><\/i><\/a>\n                                        <\/div>\n\n                                    <\/div>\n                                                                    <div class=\"noo-shblog-item style_4 style_even\">\n                                        <a class=\"noo-shblog-thumbnail\" href=\"https:\/\/vicenzomoveis.com.br\/index.php\/2018\/02\/04\/moveis-sob-medida-sao-tendencia-de-estilo-e-valorizacao\/\" style=\"background-image: url('https:\/\/vicenzomoveis.com.br\/wp-content\/uploads\/2018\/01\/Divulga\u00e7\u00e3o-01.jpg')\"><span class=\"view-link\"><\/span><\/a>\n                                        <div class=\"noo-shblog-entry\">\n                                            <span class=\"cat\"><a href=\"https:\/\/vicenzomoveis.com.br\/index.php\/category\/novidades\/\" rel=\"category tag\">Novidades<\/a><\/span>\n                                            <span class=\"date\">\n                                                <span>04<\/span>\n                                                \/ fev                                            <\/span>\n                                            <h3><a href=\"https:\/\/vicenzomoveis.com.br\/index.php\/2018\/02\/04\/moveis-sob-medida-sao-tendencia-de-estilo-e-valorizacao\/\">M\u00f3veis sob medida s\u00e3o tend\u00eancia de estilo e valoriza\u00e7\u00e3o<\/a><\/h3>\n                                            <div class=\"noo-shblog-meta\">\n                                                <span class=\"posted-on\"><i class=\"icon_clock_alt\"><\/i><a href=\"https:\/\/vicenzomoveis.com.br\/index.php\/2018\/02\/04\/moveis-sob-medida-sao-tendencia-de-estilo-e-valorizacao\/\" rel=\"bookmark\">4 de fevereiro de 2018<\/a><\/span><span class=\"author vcard\"><i class=\"icon_pencil-edit\"><\/i><a class=\"url fn n\" href=\"https:\/\/vicenzomoveis.com.br\/index.php\/author\/rodrigo\/\">rodrigo<\/a><\/span>                                            <\/div>\n                                            <p>Com os im\u00f3veis, principalmente apartamentos, cada vez menores, as pessoas buscam otimizar espa\u00e7o com m\u00f3veis planejados e embutidos. Al\u00e9m do...<\/p>\n                                            <a class=\"view_link\" href=\"https:\/\/vicenzomoveis.com.br\/index.php\/2018\/02\/04\/moveis-sob-medida-sao-tendencia-de-estilo-e-valorizacao\/\">read more<i class=\"fa fa-angle-right\"><\/i><\/a>\n                                        <\/div>\n\n                                    <\/div>\n                                                                    <div class=\"noo-shblog-item style_4 \">\n                                        <a class=\"noo-shblog-thumbnail\" href=\"https:\/\/vicenzomoveis.com.br\/index.php\/2018\/01\/09\/the-new-marc-jacobs-gotham-saddle-bag\/\" style=\"background-image: url('https:\/\/vicenzomoveis.com.br\/wp-content\/uploads\/2016\/05\/Cozinha-sob-medida-planejada-moderna-vermelha-1024x683.jpg')\"><span class=\"view-link\"><\/span><\/a>\n                                        <div class=\"noo-shblog-entry\">\n                                            <span class=\"cat\"><a href=\"https:\/\/vicenzomoveis.com.br\/index.php\/category\/novidades\/\" rel=\"category tag\">Novidades<\/a><\/span>\n                                            <span class=\"date\">\n                                                <span>09<\/span>\n                                                \/ jan                                            <\/span>\n                                            <h3><a href=\"https:\/\/vicenzomoveis.com.br\/index.php\/2018\/01\/09\/the-new-marc-jacobs-gotham-saddle-bag\/\">As tend\u00eancias dos m\u00f3veis e decora\u00e7\u00f5es para 2018<\/a><\/h3>\n                                            <div class=\"noo-shblog-meta\">\n                                                <span class=\"posted-on\"><i class=\"icon_clock_alt\"><\/i><a href=\"https:\/\/vicenzomoveis.com.br\/index.php\/2018\/01\/09\/the-new-marc-jacobs-gotham-saddle-bag\/\" rel=\"bookmark\">9 de janeiro de 2018<\/a><\/span><span class=\"author vcard\"><i class=\"icon_pencil-edit\"><\/i><a class=\"url fn n\" href=\"https:\/\/vicenzomoveis.com.br\/index.php\/author\/rodrigo\/\">rodrigo<\/a><\/span>                                            <\/div>\n                                            <p>Apesar de estarmos ainda h\u00e1 alguns meses do ano que vem, algumas tend\u00eancias dos m\u00f3veis e decora\u00e7\u00f5es para 2018 j\u00e1...<\/p>\n                                            <a class=\"view_link\" href=\"https:\/\/vicenzomoveis.com.br\/index.php\/2018\/01\/09\/the-new-marc-jacobs-gotham-saddle-bag\/\">read more<i class=\"fa fa-angle-right\"><\/i><\/a>\n                                        <\/div>\n\n                                    <\/div>\n                                                <\/div>\n                <div class=\"text-center\">\n                                            <a class=\"custom_link\" href=\"#\" >ver todas as novidades<i class=\"fa fa-angle-right\"><\/i><\/a>\n                                    <\/div>\n            <\/div>\n            [\/vc_column][\/vc_row][vc_row container_width=&#8221;yes&#8221; css=&#8221;.vc_custom_1519709200536{padding-top: 55px !important;padding-bottom: 60px !important;background-color: #4f1217 !important;}&#8221;][vc_column][vc_column_text]<\/p>\n<div class=\"noo-product-header\">\n<h3 class=\"noo-mail-title\" style=\"text-align: center;\"><span style=\"color: #ffffff;\">Newsletter<\/span><\/h3>\n<p style=\"text-align: center;\"><span style=\"color: #ffffff;\">Assine nossa news e fique por dentro de nossas novidades!<\/span><\/p>\n<p style=\"text-align: center;\"><div class=\"wpforms-container wpforms-container-full\" id=\"wpforms-1380\"><form id=\"wpforms-form-1380\" class=\"wpforms-validate wpforms-form\" data-formid=\"1380\" method=\"post\" enctype=\"multipart\/form-data\" action=\"\/index.php\/wp-json\/wp\/v2\/pages\/351\" data-token=\"fa2850a37c9cb7fa9a6f04ba4d886d11\"><noscript class=\"wpforms-error-noscript\">Ative o JavaScript no seu navegador para preencher este formul\u00e1rio.<\/noscript><div class=\"wpforms-field-container\"><div id=\"wpforms-1380-field_1-container\" class=\"wpforms-field wpforms-field-email\" data-field-id=\"1\"><label class=\"wpforms-field-label\" for=\"wpforms-1380-field_1\">Email <span class=\"wpforms-required-label\">*<\/span><\/label><input type=\"email\" id=\"wpforms-1380-field_1\" class=\"wpforms-field-large wpforms-field-required\" name=\"wpforms[fields][1]\" required><\/div><\/div><div class=\"wpforms-field wpforms-field-hp\"><label for=\"wpforms-1380-field-hp\" class=\"wpforms-field-label\">Phone<\/label><input type=\"text\" name=\"wpforms[hp]\" id=\"wpforms-1380-field-hp\" class=\"wpforms-field-medium\"><\/div><div class=\"wpforms-submit-container\"><input type=\"hidden\" name=\"wpforms[id]\" value=\"1380\"><input type=\"hidden\" name=\"wpforms[author]\" value=\"1\"><button type=\"submit\" name=\"wpforms[submit]\" id=\"wpforms-submit-1380\" class=\"wpforms-submit\" data-alt-text=\"Assinando...\" data-submit-text=\"Assinar\" aria-live=\"assertive\" value=\"wpforms-submit\">Assinar<\/button><\/div><\/form><\/div>  <!-- .wpforms-container --><\/p>\n<\/div>\n<p>[\/vc_column_text][\/vc_column][\/vc_row]<\/p>\n","protected":false},"excerpt":{"rendered":"<p>[vc_row][vc_column][rev_slider_vc alias=&#8221;home_slider_1&#8243;][\/vc_column][\/vc_row][vc_row][vc_column offset=&#8221;vc_col-lg-6 vc_col-md-6&#8243; el_class=&#8221;padding-box-product&#8221; css=&#8221;.vc_custom_1465287695563{margin-top: 50px !important;}&#8221;][vc_column_text] Precisando de M\u00f3veis Aqui na Vicenzo M\u00f3veis voc\u00ea encontra do seu jeito! [\/vc_column_text][vc_empty_space][vc_column_text] Projetos desenvolvidos com design contempor\u00e2neo, e o compromisso com a qualidade em nossos servi\u00e7os e produtos garantem nossos clientes felizes. Utilizamos mat\u00e9ria prima de qualidade, entre as quais, laca fosca e brilhante, folhas de madeira, MDF revestido, al\u00e9m de [&hellip;]<\/p>\n","protected":false},"author":1,"featured_media":0,"parent":0,"menu_order":0,"comment_status":"closed","ping_status":"closed","template":"page-full-width.php","meta":[],"_links":{"self":[{"href":"https:\/\/vicenzomoveis.com.br\/index.php\/wp-json\/wp\/v2\/pages\/351"}],"collection":[{"href":"https:\/\/vicenzomoveis.com.br\/index.php\/wp-json\/wp\/v2\/pages"}],"about":[{"href":"https:\/\/vicenzomoveis.com.br\/index.php\/wp-json\/wp\/v2\/types\/page"}],"author":[{"embeddable":true,"href":"https:\/\/vicenzomoveis.com.br\/index.php\/wp-json\/wp\/v2\/users\/1"}],"replies":[{"embeddable":true,"href":"https:\/\/vicenzomoveis.com.br\/index.php\/wp-json\/wp\/v2\/comments?post=351"}],"version-history":[{"count":28,"href":"https:\/\/vicenzomoveis.com.br\/index.php\/wp-json\/wp\/v2\/pages\/351\/revisions"}],"predecessor-version":[{"id":1381,"href":"https:\/\/vicenzomoveis.com.br\/index.php\/wp-json\/wp\/v2\/pages\/351\/revisions\/1381"}],"wp:attachment":[{"href":"https:\/\/vicenzomoveis.com.br\/index.php\/wp-json\/wp\/v2\/media?parent=351"}],"curies":[{"name":"wp","href":"https:\/\/api.w.org\/{rel}","templated":true}]}}